{"id":2265,"date":"2025-09-17T17:33:08","date_gmt":"2025-09-17T20:33:08","guid":{"rendered":"https:\/\/jangada.ag\/?page_id=2265"},"modified":"2025-10-08T19:18:49","modified_gmt":"2025-10-08T22:18:49","slug":"home","status":"publish","type":"page","link":"https:\/\/jangada.ag\/en\/","title":{"rendered":"Jangada"},"content":{"rendered":"\t\t<div data-elementor-type=\"wp-page\" data-elementor-id=\"2265\" class=\"elementor elementor-2265\">\n\t\t\t\t<div class=\"elementor-element elementor-element-29f4ec4 e-con-full elementor-hidden-mobile e-flex e-con e-parent\" data-id=\"29f4ec4\" data-element_type=\"container\">\n\t\t\t\t<div class=\"elementor-element elementor-element-11387a5 elementor-widget elementor-widget-image\" data-id=\"11387a5\" data-element_type=\"widget\" data-widget_type=\"image.default\">\n\t\t\t\t\t\t\t\t\t\t\t\t\t\t\t<img decoding=\"async\" src=\"https:\/\/jangada.ag\/wp-content\/uploads\/elementor\/thumbs\/jangada.ag-pbnovo-site-jangs-logojangs-rchimcas7xavybp6dnag1kldkupgvg3bu37gs5p6to.png\" title=\"LogoJangs\" alt=\"LogoJangs\" loading=\"lazy\" \/>\t\t\t\t\t\t\t\t\t\t\t\t\t\t\t<\/div>\n\t\t\t\t<\/div>\n\t\t<div class=\"elementor-element elementor-element-20a7ae0 e-con-full elementor-hidden-desktop elementor-hidden-tablet e-flex e-con e-parent\" data-id=\"20a7ae0\" data-element_type=\"container\">\n\t\t\t\t<div class=\"elementor-element elementor-element-f5dc337 elementor-widget elementor-widget-image\" data-id=\"f5dc337\" data-element_type=\"widget\" data-widget_type=\"image.default\">\n\t\t\t\t\t\t\t\t\t\t\t\t\t\t\t<img decoding=\"async\" src=\"https:\/\/jangada.ag\/wp-content\/uploads\/elementor\/thumbs\/jangada.ag-pbnovo-site-jangs-logojangs-rchimcar02j0swvqat3qgll0xcy1hkusjs44npqxnq.png\" title=\"LogoJangs\" alt=\"LogoJangs\" loading=\"lazy\" \/>\t\t\t\t\t\t\t\t\t\t\t\t\t\t\t<\/div>\n\t\t\t\t<\/div>\n\t\t<div class=\"elementor-element elementor-element-9b9222f e-flex e-con-boxed e-con e-parent\" data-id=\"9b9222f\" data-element_type=\"container\">\n\t\t\t\t\t<div class=\"e-con-inner\">\n\t\t\t\t<div class=\"elementor-element elementor-element-6d4a0ba elementor-widget elementor-widget-heading\" data-id=\"6d4a0ba\" data-element_type=\"widget\" data-widget_type=\"heading.default\">\n\t\t\t\t\t<h2 class=\"elementor-heading-title elementor-size-default\">Marketing Digital focado na ind\u00fastria do entretenimento<\/h2>\t\t\t\t<\/div>\n\t\t\t\t<div class=\"elementor-element elementor-element-8ecb98c elementor-widget elementor-widget-heading\" data-id=\"8ecb98c\" data-element_type=\"widget\" data-widget_type=\"heading.default\">\n\t\t\t\t\t<h2 class=\"elementor-heading-title elementor-size-default\">A bordo:<\/h2>\t\t\t\t<\/div>\n\t\t\t\t\t<\/div>\n\t\t\t\t<\/div>\n\t\t<div class=\"elementor-element elementor-element-0ba8f4a e-con-full animated-slow e-flex e-con e-parent\" data-id=\"0ba8f4a\" data-element_type=\"container\" data-settings=\"{&quot;animation&quot;:&quot;none&quot;}\">\n\t\t<div class=\"elementor-element elementor-element-dd3cc27 e-con-full e-flex e-con e-child\" data-id=\"dd3cc27\" data-element_type=\"container\" data-settings=\"{&quot;background_background&quot;:&quot;classic&quot;}\">\n\t\t\t\t<div class=\"elementor-element elementor-element-7f97b99 elementor-widget elementor-widget-qi_addons_for_elementor_text_marquee\" data-id=\"7f97b99\" data-element_type=\"widget\" data-widget_type=\"qi_addons_for_elementor_text_marquee.default\">\n\t\t\t\t<div class=\"elementor-widget-container\">\n\t\t\t\t\t<div class=\"qodef-shortcode qodef-m qodef-qi-text-marquee qodef-layout--default\">\n\t<div class=\"qodef-m-content\">\n\t\t<div class=\"qodef-m-text qodef-text--original\">\n\t\t\t\t\t\t\t<span class=\"qodef-m-text-item elementor-repeater-item-54cfe57\" >\u200e\u2738 \u200e \u200e Gilberto Gil \u200e \u200e \u2738 \u200e \u200e Tit\u00e3s\u200e \u200e \u200e \u2738 \u200e \u200e UBC \u200e \u200e \u2738 \u200e \u200e Jorge Arag\u00e3o\u200e \u200e \u200e \u2738 \u200e \u200e Ananda Paix\u00e3o \u200e \u200e \u2738 \u200e \u200e Cazuza \u200e \u200e \u2738 \u200e \u200e Open Air Brasil \u200e \u200e \u2738 \u200e \u200e Cinema Infl\u00e1vel \u200e \u200e \u2738 \u200e \u200e Lucas Felix \u200e \u200e \u2738 \u200e \u200e Sony Music Publishing \u200e \u200e \u2738 \u200e \u200e Rocking Gorillas<\/span>\n\t\t\t\t\t\t\t\t\t<\/div>\n\t\t<div class=\"qodef-m-text qodef-text--copy\">\n\t\t\t\t\t\t\t<span class=\"qodef-m-text-item elementor-repeater-item-54cfe57\" >\u200e\u2738 \u200e \u200e Gilberto Gil \u200e \u200e \u2738 \u200e \u200e Tit\u00e3s\u200e \u200e \u200e \u2738 \u200e \u200e UBC \u200e \u200e \u2738 \u200e \u200e Jorge Arag\u00e3o\u200e \u200e \u200e \u2738 \u200e \u200e Ananda Paix\u00e3o \u200e \u200e \u2738 \u200e \u200e Cazuza \u200e \u200e \u2738 \u200e \u200e Open Air Brasil \u200e \u200e \u2738 \u200e \u200e Cinema Infl\u00e1vel \u200e \u200e \u2738 \u200e \u200e Lucas Felix \u200e \u200e \u2738 \u200e \u200e Sony Music Publishing \u200e \u200e \u2738 \u200e \u200e Rocking Gorillas<\/span>\n\t\t\t\t\t\t\t\t\t<\/div>\n\t<\/div>\n<\/div>\n\t\t\t\t<\/div>\n\t\t\t\t<\/div>\n\t\t\t\t<\/div>\n\t\t\t\t<\/div>\n\t\t<div class=\"elementor-element elementor-element-a8170dd e-flex e-con-boxed e-con e-parent\" data-id=\"a8170dd\" data-element_type=\"container\">\n\t\t\t\t\t<div class=\"e-con-inner\">\n\t\t\t\t<div class=\"elementor-element elementor-element-9559acb elementor-widget elementor-widget-text-editor\" data-id=\"9559acb\" data-element_type=\"widget\" data-widget_type=\"text-editor.default\">\n\t\t\t\t\t\t\t\t\t<p>E aquela, n\u00e9? &#8220;transformai as velhas formas do viver&#8221;.<br \/>Estamos em transforma\u00e7\u00e3o e <strong>j\u00e1, j\u00e1 teremos um site novinho<\/strong>.<\/p><p>At\u00e9 l\u00e1, vem pro insta:<\/p>\t\t\t\t\t\t\t\t<\/div>\n\t\t<div class=\"elementor-element elementor-element-d698fa1 e-con-full e-flex e-con e-child\" data-id=\"d698fa1\" data-element_type=\"container\">\n\t\t\t\t<div class=\"elementor-element elementor-element-8e69239 elementor-align-center elementor-widget elementor-widget-button\" data-id=\"8e69239\" data-element_type=\"widget\" data-widget_type=\"button.default\">\n\t\t\t\t\t\t\t\t\t\t<a class=\"elementor-button elementor-button-link elementor-size-sm\" href=\"https:\/\/www.instagram.com\/jangada.ag\/\">\n\t\t\t\t\t\t<span class=\"elementor-button-content-wrapper\">\n\t\t\t\t\t\t<span class=\"elementor-button-icon\">\n\t\t\t\t<svg aria-hidden=\"true\" class=\"e-font-icon-svg e-fab-instagram\" viewBox=\"0 0 448 512\" xmlns=\"http:\/\/www.w3.org\/2000\/svg\"><path d=\"M224.1 141c-63.6 0-114.9 51.3-114.9 114.9s51.3 114.9 114.9 114.9S339 319.5 339 255.9 287.7 141 224.1 141zm0 189.6c-41.1 0-74.7-33.5-74.7-74.7s33.5-74.7 74.7-74.7 74.7 33.5 74.7 74.7-33.6 74.7-74.7 74.7zm146.4-194.3c0 14.9-12 26.8-26.8 26.8-14.9 0-26.8-12-26.8-26.8s12-26.8 26.8-26.8 26.8 12 26.8 26.8zm76.1 27.2c-1.7-35.9-9.9-67.7-36.2-93.9-26.2-26.2-58-34.4-93.9-36.2-37-2.1-147.9-2.1-184.9 0-35.8 1.7-67.6 9.9-93.9 36.1s-34.4 58-36.2 93.9c-2.1 37-2.1 147.9 0 184.9 1.7 35.9 9.9 67.7 36.2 93.9s58 34.4 93.9 36.2c37 2.1 147.9 2.1 184.9 0 35.9-1.7 67.7-9.9 93.9-36.2 26.2-26.2 34.4-58 36.2-93.9 2.1-37 2.1-147.8 0-184.8zM398.8 388c-7.8 19.6-22.9 34.7-42.6 42.6-29.5 11.7-99.5 9-132.1 9s-102.7 2.6-132.1-9c-19.6-7.8-34.7-22.9-42.6-42.6-11.7-29.5-9-99.5-9-132.1s-2.6-102.7 9-132.1c7.8-19.6 22.9-34.7 42.6-42.6 29.5-11.7 99.5-9 132.1-9s102.7-2.6 132.1 9c19.6 7.8 34.7 22.9 42.6 42.6 11.7 29.5 9 99.5 9 132.1s2.7 102.7-9 132.1z\"><\/path><\/svg>\t\t\t<\/span>\n\t\t\t\t\t\t\t\t\t<span class=\"elementor-button-text\">Instagram<\/span>\n\t\t\t\t\t<\/span>\n\t\t\t\t\t<\/a>\n\t\t\t\t\t\t\t\t<\/div>\n\t\t\t\t<div class=\"elementor-element elementor-element-e4aec97 elementor-align-center elementor-widget elementor-widget-button\" data-id=\"e4aec97\" data-element_type=\"widget\" data-widget_type=\"button.default\">\n\t\t\t\t\t\t\t\t\t\t<a class=\"elementor-button elementor-button-link elementor-size-sm\" href=\"https:\/\/www.linkedin.com\/company\/jangadacomunicacao\">\n\t\t\t\t\t\t<span class=\"elementor-button-content-wrapper\">\n\t\t\t\t\t\t<span class=\"elementor-button-icon\">\n\t\t\t\t<svg aria-hidden=\"true\" class=\"e-font-icon-svg e-fab-linkedin\" viewBox=\"0 0 448 512\" xmlns=\"http:\/\/www.w3.org\/2000\/svg\"><path d=\"M416 32H31.9C14.3 32 0 46.5 0 64.3v383.4C0 465.5 14.3 480 31.9 480H416c17.6 0 32-14.5 32-32.3V64.3c0-17.8-14.4-32.3-32-32.3zM135.4 416H69V202.2h66.5V416zm-33.2-243c-21.3 0-38.5-17.3-38.5-38.5S80.9 96 102.2 96c21.2 0 38.5 17.3 38.5 38.5 0 21.3-17.2 38.5-38.5 38.5zm282.1 243h-66.4V312c0-24.8-.5-56.7-34.5-56.7-34.6 0-39.9 27-39.9 54.9V416h-66.4V202.2h63.7v29.2h.9c8.9-16.8 30.6-34.5 62.9-34.5 67.2 0 79.7 44.3 79.7 101.9V416z\"><\/path><\/svg>\t\t\t<\/span>\n\t\t\t\t\t\t\t\t\t<span class=\"elementor-button-text\">LinkedIn<\/span>\n\t\t\t\t\t<\/span>\n\t\t\t\t\t<\/a>\n\t\t\t\t\t\t\t\t<\/div>\n\t\t\t\t<\/div>\n\t\t\t\t\t<\/div>\n\t\t\t\t<\/div>\n\t\t<div class=\"elementor-element elementor-element-752f4d7 e-flex e-con-boxed e-con e-parent\" data-id=\"752f4d7\" data-element_type=\"container\">\n\t\t\t\t\t<div class=\"e-con-inner\">\n\t\t<div class=\"elementor-element elementor-element-2872985 e-con-full e-flex e-con e-child\" data-id=\"2872985\" data-element_type=\"container\">\n\t\t\t\t<div class=\"elementor-element elementor-element-370e5ed elementor-align-center elementor-widget elementor-widget-button\" data-id=\"370e5ed\" data-element_type=\"widget\" data-widget_type=\"button.default\">\n\t\t\t\t\t\t\t\t\t\t<a class=\"elementor-button elementor-button-link elementor-size-sm\" href=\"#\">\n\t\t\t\t\t\t<span class=\"elementor-button-content-wrapper\">\n\t\t\t\t\t\t<span class=\"elementor-button-icon\">\n\t\t\t\t<svg aria-hidden=\"true\" class=\"e-font-icon-svg e-fas-envelope\" viewBox=\"0 0 512 512\" xmlns=\"http:\/\/www.w3.org\/2000\/svg\"><path d=\"M502.3 190.8c3.9-3.1 9.7-.2 9.7 4.7V400c0 26.5-21.5 48-48 48H48c-26.5 0-48-21.5-48-48V195.6c0-5 5.7-7.8 9.7-4.7 22.4 17.4 52.1 39.5 154.1 113.6 21.1 15.4 56.7 47.8 92.2 47.6 35.7.3 72-32.8 92.3-47.6 102-74.1 131.6-96.3 154-113.7zM256 320c23.2.4 56.6-29.2 73.4-41.4 132.7-96.3 142.8-104.7 173.4-128.7 5.8-4.5 9.2-11.5 9.2-18.9v-19c0-26.5-21.5-48-48-48H48C21.5 64 0 85.5 0 112v19c0 7.4 3.4 14.3 9.2 18.9 30.6 23.9 40.7 32.4 173.4 128.7 16.8 12.2 50.2 41.8 73.4 41.4z\"><\/path><\/svg>\t\t\t<\/span>\n\t\t\t\t\t\t\t\t\t<span class=\"elementor-button-text\">queronavegar@jangada.ag<\/span>\n\t\t\t\t\t<\/span>\n\t\t\t\t\t<\/a>\n\t\t\t\t\t\t\t\t<\/div>\n\t\t\t\t<\/div>\n\t\t\t\t\t<\/div>\n\t\t\t\t<\/div>\n\t\t<div class=\"elementor-element elementor-element-4b13b17 e-flex e-con-boxed e-con e-parent\" data-id=\"4b13b17\" data-element_type=\"container\">\n\t\t\t\t\t<div class=\"e-con-inner\">\n\t\t\t\t<div class=\"elementor-element elementor-element-4522b6d elementor-hidden-desktop elementor-hidden-tablet elementor-widget elementor-widget-image\" data-id=\"4522b6d\" data-element_type=\"widget\" data-widget_type=\"image.default\">\n\t\t\t\t\t\t\t\t\t\t\t\t\t\t\t<img fetchpriority=\"high\" decoding=\"async\" width=\"1080\" height=\"832\" src=\"https:\/\/jangada.ag\/wp-content\/uploads\/2025\/10\/jangada.ag-pbnovo-site-jangs-bg-mobile.png\" class=\"attachment-full size-full wp-image-2338\" alt=\"\" srcset=\"https:\/\/jangada.ag\/wp-content\/uploads\/2025\/10\/jangada.ag-pbnovo-site-jangs-bg-mobile.png 1080w, https:\/\/jangada.ag\/wp-content\/uploads\/2025\/10\/jangada.ag-pbnovo-site-jangs-bg-mobile-300x231.png 300w, https:\/\/jangada.ag\/wp-content\/uploads\/2025\/10\/jangada.ag-pbnovo-site-jangs-bg-mobile-1024x789.png 1024w, https:\/\/jangada.ag\/wp-content\/uploads\/2025\/10\/jangada.ag-pbnovo-site-jangs-bg-mobile-768x592.png 768w\" sizes=\"(max-width: 1080px) 100vw, 1080px\" \/>\t\t\t\t\t\t\t\t\t\t\t\t\t\t\t<\/div>\n\t\t\t\t<div class=\"elementor-element elementor-element-f096d83 elementor-widget elementor-widget-html\" data-id=\"f096d83\" data-element_type=\"widget\" data-widget_type=\"html.default\">\n\t\t\t\t\t<style>\nhtml, body {\n  margin: 0;\n  padding: 0;\n  overflow-x: hidden;\n  min-height: 100vh;\n}\n\nbody {\n  overscroll-behavior-y: contain;\n}\n<\/style>\n\t\t\t\t<\/div>\n\t\t\t\t\t<\/div>\n\t\t\t\t<\/div>\n\t\t\t\t<\/div>\n\t\t","protected":false},"excerpt":{"rendered":"<p>Marketing Digital focado na ind\u00fastria do entretenimento A bordo: \u200e\u2738 \u200e \u200e Gilberto Gil \u200e \u200e \u2738 \u200e \u200e Tit\u00e3s\u200e \u200e \u200e \u2738 \u200e \u200e UBC \u200e \u200e \u2738 \u200e \u200e Jorge Arag\u00e3o\u200e \u200e \u200e \u2738 \u200e \u200e Ananda Paix\u00e3o \u200e \u200e \u2738 \u200e \u200e Cazuza \u200e \u200e \u2738 \u200e \u200e Open Air Brasil \u200e [&hellip;]<\/p>\n","protected":false},"author":2,"featured_media":0,"parent":0,"menu_order":0,"comment_status":"closed","ping_status":"closed","template":"","meta":{"_acf_changed":false,"footnotes":""},"class_list":["post-2265","page","type-page","status-publish","hentry"],"acf":[],"_links":{"self":[{"href":"https:\/\/jangada.ag\/en\/wp-json\/wp\/v2\/pages\/2265","targetHints":{"allow":["GET"]}}],"collection":[{"href":"https:\/\/jangada.ag\/en\/wp-json\/wp\/v2\/pages"}],"about":[{"href":"https:\/\/jangada.ag\/en\/wp-json\/wp\/v2\/types\/page"}],"author":[{"embeddable":true,"href":"https:\/\/jangada.ag\/en\/wp-json\/wp\/v2\/users\/2"}],"replies":[{"embeddable":true,"href":"https:\/\/jangada.ag\/en\/wp-json\/wp\/v2\/comments?post=2265"}],"version-history":[{"count":57,"href":"https:\/\/jangada.ag\/en\/wp-json\/wp\/v2\/pages\/2265\/revisions"}],"predecessor-version":[{"id":2362,"href":"https:\/\/jangada.ag\/en\/wp-json\/wp\/v2\/pages\/2265\/revisions\/2362"}],"wp:attachment":[{"href":"https:\/\/jangada.ag\/en\/wp-json\/wp\/v2\/media?parent=2265"}],"curies":[{"name":"wp","href":"https:\/\/api.w.org\/{rel}","templated":true}]}}